{"id":11499,"date":"2024-11-28T08:06:40","date_gmt":"2024-11-28T08:06:40","guid":{"rendered":"https:\/\/kalibresteel.com\/11-s-mn-37-9-s-mn-36\/"},"modified":"2024-12-02T10:13:52","modified_gmt":"2024-12-02T10:13:52","slug":"11smn37-9smn36-1215sae","status":"publish","type":"page","link":"https:\/\/kalibresteel.com\/tr\/11smn37-9smn36-1215sae\/","title":{"rendered":"11SMn37  ( 9SMn36 ) &#8211; 1215(SAE)"},"content":{"rendered":"\t\t<div data-elementor-type=\"wp-page\" data-elementor-id=\"11499\" class=\"elementor elementor-11499\">\n\t\t\t\t\t\t<section class=\"wd-negative-gap elementor-section elementor-top-section elementor-element elementor-element-2e335cec elementor-section-content-middle elementor-section-full_width elementor-section-height-default elementor-section-height-default\" data-id=\"2e335cec\" data-element_type=\"section\" data-e-type=\"section\">\n\t\t\t\t\t\t<div class=\"elementor-container elementor-column-gap-default\">\n\t\t\t\t\t<div class=\"elementor-column elementor-col-100 elementor-top-column elementor-element elementor-element-e8c0478\" data-id=\"e8c0478\" data-element_type=\"column\" data-e-type=\"column\">\n\t\t\t<div class=\"elementor-widget-wrap elementor-element-populated\">\n\t\t\t\t\t\t<div class=\"elementor-element elementor-element-22a08451 wd-width-100 elementor-widget elementor-widget-wd_title\" data-id=\"22a08451\" data-element_type=\"widget\" data-e-type=\"widget\" data-widget_type=\"wd_title.default\">\n\t\t\t\t<div class=\"elementor-widget-container\">\n\t\t\t\t\t\t\t<div class=\"title-wrapper wd-set-mb reset-last-child wd-title-color-default wd-title-style-default wd-title-size-default text-left\">\n\n\t\t\t\n\t\t\t<div class=\"liner-continer\">\n\t\t\t\t<h4 class=\"woodmart-title-container title wd-fontsize-l\">11 S Mn 37 (9 S Mn 36)<\/h4> \n\t\t\t\t\t\t\t<\/div>\n\n\t\t\t\t\t<\/div>\n\t\t\t\t\t\t<\/div>\n\t\t\t\t<\/div>\n\t\t\t\t<div class=\"elementor-element elementor-element-31851182 wd-width-100 elementor-widget elementor-widget-wd_title\" data-id=\"31851182\" data-element_type=\"widget\" data-e-type=\"widget\" data-widget_type=\"wd_title.default\">\n\t\t\t\t<div class=\"elementor-widget-container\">\n\t\t\t\t\t\t\t<div class=\"title-wrapper wd-set-mb reset-last-child wd-title-color-default wd-title-style-default wd-title-size-default text-left\">\n\n\t\t\t\n\t\t\t<div class=\"liner-continer\">\n\t\t\t\t<h4 class=\"woodmart-title-container title wd-fontsize-l wd-underline-colored\"><\/h4> \n\t\t\t\t\t\t\t<\/div>\n\n\t\t\t\t\t\t\t<div class=\"title-after_title reset-last-child wd-fontsize-xs\">\n\t\t\t\t\t<p>11SMn37, y\u00fcksek i\u015flenebilirlik \u00f6zellikleriyle \u00f6ne \u00e7\u0131kan bir <strong>otomat \u00e7eli\u011fi<\/strong> t\u00fcr\u00fcd\u00fcr. Avrupa standartlar\u0131nda <strong>11SMn37<\/strong> olarak bilinen bu \u00e7elik, farkl\u0131 \u00fclkelerde <strong>9SMn36<\/strong> olarak adland\u0131r\u0131l\u0131r. Kur\u015fun i\u00e7ermeyen yap\u0131s\u0131yla \u00e7evre dostu \u00fcretim s\u00fcre\u00e7lerine uygundur ve y\u00fcksek kesim performans\u0131 sunar.suz bile\u015fimi sayesinde, bu \u00e7elik \u00e7evre dostu \u00fcretim i\u00e7in ideal olup y\u00fcksek kesme performans\u0131 sunar.<\/p><p>```<\/p>\t\t\t\t<\/div>\n\t\t\t\t\t<\/div>\n\t\t\t\t\t\t<\/div>\n\t\t\t\t<\/div>\n\t\t\t\t<div class=\"elementor-element elementor-element-5d505d9 elementor-widget-divider--view-line elementor-widget elementor-widget-divider\" data-id=\"5d505d9\" data-element_type=\"widget\" data-e-type=\"widget\" data-widget_type=\"divider.default\">\n\t\t\t\t<div class=\"elementor-widget-container\">\n\t\t\t\t\t\t\t<div class=\"elementor-divider\">\n\t\t\t<span class=\"elementor-divider-separator\">\n\t\t\t\t\t\t<\/span>\n\t\t<\/div>\n\t\t\t\t\t\t<\/div>\n\t\t\t\t<\/div>\n\t\t\t\t<section class=\"wd-negative-gap elementor-section elementor-inner-section elementor-element elementor-element-31ea0ac8 elementor-section-boxed elementor-section-height-default elementor-section-height-default\" data-id=\"31ea0ac8\" data-element_type=\"section\" data-e-type=\"section\">\n\t\t\t\t\t\t<div class=\"elementor-container elementor-column-gap-default\">\n\t\t\t\t\t<div class=\"elementor-column elementor-col-50 elementor-inner-column elementor-element elementor-element-c3543d4\" data-id=\"c3543d4\" data-element_type=\"column\" data-e-type=\"column\">\n\t\t\t<div class=\"elementor-widget-wrap elementor-element-populated\">\n\t\t\t\t\t\t<div class=\"elementor-element elementor-element-5703ab2d elementor-widget elementor-widget-wd_infobox\" data-id=\"5703ab2d\" data-element_type=\"widget\" data-e-type=\"widget\" data-widget_type=\"wd_infobox.default\">\n\t\t\t\t<div class=\"elementor-widget-container\">\n\t\t\t\t\t\t\t<div class=\"info-box-wrapper\">\n\t\t\t<div class=\"wd-info-box text-left box-icon-align-top box-style-base color-scheme-\">\n\t\t\t\t\t\t\t\t\t<div class=\"box-icon-wrapper  box-with-icon box-icon-simple\">\n\t\t\t\t\t\t<div class=\"info-box-icon\">\n\t\t\t\t\t\t\t\t\t\t\t\t\t\t\t<div class=\"info-svg-wrapper\" style=\"width:40px; height:40px;\"><img decoding=\"async\"  src=\"https:\/\/kalibresteel.com\/wp-content\/uploads\/2023\/01\/cog-1.svg\" title=\"cog\" loading=\"lazy\" width=\"40\" height=\"40\"><\/div>\t\t\t\t\t\t\t\t\t\t\t\t\t<\/div>\n\t\t\t\t\t<\/div>\n\t\t\t\t\n\t\t\t\t<div class=\"info-box-content\">\n\t\t\t\t\t\n\t\t\t\t\t\t\t\t\t\t\t<h4\t\t\t\t\t\tclass=\"info-box-title title box-title-style-default wd-fontsize-s\" data-elementor-setting-key=\"title\">\n\t\t\t\t\t\t\t\tTemel \u00d6zellikler:<br \/>\n<br \/>\n\t\t\t\t\t\t<\/h4>\n\t\t\t\t\t\n\t\t\t\t\t<div class=\"info-box-inner reset-last-child\"data-elementor-setting-key=\"content\"><ul>\n<li>Y\u00fcksek i\u015flenebilirlik<\/li>\n<li>D\u00fc\u015f\u00fck karbon i\u00e7eri\u011fi<\/li>\n<li>\u00c7evre dostu, kur\u015funsuz kompozisyon<\/li>\n<li>Y\u00fcksek y\u00fczey kalitesi<\/li>\n<li>Y\u00fcksek h\u0131zda i\u015fleme uygunluk<\/li>\n<\/ul>\n<\/div>\n\n\t\t\t\t\t\t\t\t\t<\/div>\n\n\t\t\t\t\t\t\t\t\t<a href=\"#\" class=\"wd-info-box-link wd-fill\" aria-label=\"Infobox link\"><\/a>\n\t\t\t\t\t\t\t<\/div>\n\t\t<\/div>\n\t\t\t\t\t\t<\/div>\n\t\t\t\t<\/div>\n\t\t\t\t\t<\/div>\n\t\t<\/div>\n\t\t\t\t<div class=\"elementor-column elementor-col-50 elementor-top-column elementor-element elementor-element-355ea78\" data-id=\"355ea78\" data-element_type=\"column\" data-e-type=\"column\">\n\t\t\t<div class=\"elementor-widget-wrap elementor-element-populated\">\n\t\t\t\t\t\t<div class=\"elementor-element elementor-element-2a244088 elementor-widget elementor-widget-wd_infobox\" data-id=\"2a244088\" data-element_type=\"widget\" data-e-type=\"widget\" data-widget_type=\"wd_infobox.default\">\n\t\t\t\t<div class=\"elementor-widget-container\">\n\t\t\t\t\t\t\t<div class=\"info-box-wrapper\">\n\t\t\t<div class=\"wd-info-box text-left box-icon-align-top box-style-base color-scheme-\">\n\t\t\t\t\t\t\t\t\t<div class=\"box-icon-wrapper  box-with-icon box-icon-simple\">\n\t\t\t\t\t\t<div class=\"info-box-icon\">\n\t\t\t\t\t\t\t\t\t\t\t\t\t\t\t<div class=\"info-svg-wrapper\" style=\"width:40px; height:40px;\"><img decoding=\"async\"  src=\"https:\/\/kalibresteel.com\/wp-content\/uploads\/2023\/01\/shop-1.svg\" title=\"shop\" loading=\"lazy\" width=\"40\" height=\"40\"><\/div>\t\t\t\t\t\t\t\t\t\t\t\t\t<\/div>\n\t\t\t\t\t<\/div>\n\t\t\t\t\n\t\t\t\t<div class=\"info-box-content\">\n\t\t\t\t\t\n\t\t\t\t\t\t\t\t\t\t\t<h4\t\t\t\t\t\tclass=\"info-box-title title box-title-style-default wd-fontsize-s\" data-elementor-setting-key=\"title\">\n\t\t\t\t\t\t\t\tKullan\u0131m Alanlar\u0131:\t\t\t\t\t\t<\/h4>\n\t\t\t\t\t\n\t\t\t\t\t<div class=\"info-box-inner reset-last-child\"data-elementor-setting-key=\"content\"><ul>\n<li><strong>Otomotiv End\u00fcstrisi:<\/strong> Ba\u011flant\u0131 elemanlar\u0131, di\u015fliler, \u015faftlar<\/li>\n<li><strong>Makine \u0130malat\u0131:<\/strong> Hassas mekanik par\u00e7alar<\/li>\n<li><strong>Beyaz E\u015fya ve Elektronik Sekt\u00f6r\u00fc:<\/strong> K\u00fc\u00e7\u00fck ba\u011flant\u0131 ve montaj bile\u015fenleri<\/li>\n<\/ul>\n<\/div>\n\n\t\t\t\t\t\t\t\t\t<\/div>\n\n\t\t\t\t\t\t\t\t\t<a href=\"#\" class=\"wd-info-box-link wd-fill\" aria-label=\"Infobox link\"><\/a>\n\t\t\t\t\t\t\t<\/div>\n\t\t<\/div>\n\t\t\t\t\t\t<\/div>\n\t\t\t\t<\/div>\n\t\t\t\t\t<\/div>\n\t\t<\/div>\n\t\t\t\t\t<\/div>\n\t\t<\/section>\n\t\t\t\t\t<\/div>\n\t\t<\/div>\n\t\t\t\t\t<\/div>\n\t\t<\/section>\n\t\t<div class=\"wd-negative-gap elementor-element elementor-element-a165191 e-flex e-con-boxed e-con e-parent\" data-id=\"a165191\" data-element_type=\"container\" data-e-type=\"container\">\n\t\t\t\t\t<div class=\"e-con-inner\">\n\t\t\t\t<div class=\"elementor-element elementor-element-a962eb5 elementor-widget-divider--view-line elementor-widget elementor-widget-divider\" data-id=\"a962eb5\" data-element_type=\"widget\" data-e-type=\"widget\" data-widget_type=\"divider.default\">\n\t\t\t\t<div class=\"elementor-widget-container\">\n\t\t\t\t\t\t\t<div class=\"elementor-divider\">\n\t\t\t<span class=\"elementor-divider-separator\">\n\t\t\t\t\t\t<\/span>\n\t\t<\/div>\n\t\t\t\t\t\t<\/div>\n\t\t\t\t<\/div>\n\t\t\t\t<div class=\"elementor-element elementor-element-6f0be69 wd-width-100 elementor-widget elementor-widget-wd_images_gallery\" data-id=\"6f0be69\" data-element_type=\"widget\" data-e-type=\"widget\" data-widget_type=\"wd_images_gallery.default\">\n\t\t\t\t<div class=\"elementor-widget-container\">\n\t\t\t\t\t\t\t<div class=\"wd-images-gallery photoswipe-images\" style=\"--wd-align-items:center; --wd-justify-content:center;\">\n\t\t\t\t\t\t<div class=\"wd-grid-g\" style=\"--wd-col-lg:1;--wd-col-md:1;--wd-col-sm:1;--wd-gap-lg:6px;--wd-gap-sm:10px;\" >\n\t\t\t\t\t\t\t\t\t\t\t\t\t\t\t\t\t\t<div class=\"wd-gallery-item wd-col\">\n\t\t\t\t\t\t\t\t\t\t\t\t\t<a  href=\"https:\/\/kalibresteel.com\/wp-content\/uploads\/2024\/11\/Picsart_24-11-27_22-56-49-526.webp\" data-width=\"775\" data-height=\"700\" data-index=\"1\" data-elementor-open-lightbox=\"no\">\n\t\t\t\t\t\t\n\t\t\t\t\t\t<img loading=\"lazy\" decoding=\"async\" width=\"775\" height=\"700\" src=\"https:\/\/kalibresteel.com\/wp-content\/uploads\/2024\/11\/Picsart_24-11-27_22-56-49-526.webp\" class=\"attachment-large size-large\" alt=\"Picsart_24-11-27_22-56-49-526\" srcset=\"https:\/\/kalibresteel.com\/wp-content\/uploads\/2024\/11\/Picsart_24-11-27_22-56-49-526.webp 775w, https:\/\/kalibresteel.com\/wp-content\/uploads\/2024\/11\/Picsart_24-11-27_22-56-49-526-300x271.webp 300w, https:\/\/kalibresteel.com\/wp-content\/uploads\/2024\/11\/Picsart_24-11-27_22-56-49-526-768x694.webp 768w\" sizes=\"auto, (max-width: 775px) 100vw, 775px\" \/>\n\t\t\t\t\t\t\t\t\t\t\t\t\t<\/a>\n\t\t\t\t\t\t\t\t\t\t\t<\/div>\n\t\t\t\t\t\t\t\t\t\t\t\t\t\t\t<div class=\"wd-gallery-item wd-col\">\n\t\t\t\t\t\t\t\t\t\t\t\t\t<a  href=\"https:\/\/kalibresteel.com\/wp-content\/uploads\/2024\/11\/Picsart_24-11-27_22-56-08-697.webp\" data-width=\"1210\" data-height=\"650\" data-index=\"2\" data-elementor-open-lightbox=\"no\">\n\t\t\t\t\t\t\n\t\t\t\t\t\t<img loading=\"lazy\" decoding=\"async\" width=\"1024\" height=\"550\" src=\"https:\/\/kalibresteel.com\/wp-content\/uploads\/2024\/11\/Picsart_24-11-27_22-56-08-697-1024x550.webp\" class=\"attachment-large size-large\" alt=\"Picsart_24-11-27_22-56-08-697\" srcset=\"https:\/\/kalibresteel.com\/wp-content\/uploads\/2024\/11\/Picsart_24-11-27_22-56-08-697-1024x550.webp 1024w, https:\/\/kalibresteel.com\/wp-content\/uploads\/2024\/11\/Picsart_24-11-27_22-56-08-697-300x161.webp 300w, https:\/\/kalibresteel.com\/wp-content\/uploads\/2024\/11\/Picsart_24-11-27_22-56-08-697-768x413.webp 768w, https:\/\/kalibresteel.com\/wp-content\/uploads\/2024\/11\/Picsart_24-11-27_22-56-08-697.webp 1210w\" sizes=\"auto, (max-width: 1024px) 100vw, 1024px\" \/>\n\t\t\t\t\t\t\t\t\t\t\t\t\t<\/a>\n\t\t\t\t\t\t\t\t\t\t\t<\/div>\n\t\t\t\t\t\t\t\t\t\t\t\t\t<\/div>\n\t\t\t\t\t<\/div>\n\t\t\t\t\t\t<\/div>\n\t\t\t\t<\/div>\n\t\t\t\t\t<\/div>\n\t\t\t\t<\/div>\n\t\t\t\t<\/div>\n\t\t","protected":false},"excerpt":{"rendered":"<p>11 S Mn 37 (9 S Mn 36) 11SMn37, y\u00fcksek i\u015flenebilirlik \u00f6zellikleriyle \u00f6ne \u00e7\u0131kan bir otomat \u00e7eli\u011fi t\u00fcr\u00fcd\u00fcr. Avrupa standartlar\u0131nda<\/p>\n","protected":false},"author":1,"featured_media":11238,"parent":0,"menu_order":0,"comment_status":"closed","ping_status":"closed","template":"","meta":{"footnotes":""},"class_list":["post-11499","page","type-page","status-publish","has-post-thumbnail","hentry"],"_links":{"self":[{"href":"https:\/\/kalibresteel.com\/tr\/wp-json\/wp\/v2\/pages\/11499","targetHints":{"allow":["GET"]}}],"collection":[{"href":"https:\/\/kalibresteel.com\/tr\/wp-json\/wp\/v2\/pages"}],"about":[{"href":"https:\/\/kalibresteel.com\/tr\/wp-json\/wp\/v2\/types\/page"}],"author":[{"embeddable":true,"href":"https:\/\/kalibresteel.com\/tr\/wp-json\/wp\/v2\/users\/1"}],"replies":[{"embeddable":true,"href":"https:\/\/kalibresteel.com\/tr\/wp-json\/wp\/v2\/comments?post=11499"}],"version-history":[{"count":9,"href":"https:\/\/kalibresteel.com\/tr\/wp-json\/wp\/v2\/pages\/11499\/revisions"}],"predecessor-version":[{"id":11666,"href":"https:\/\/kalibresteel.com\/tr\/wp-json\/wp\/v2\/pages\/11499\/revisions\/11666"}],"wp:featuredmedia":[{"embeddable":true,"href":"https:\/\/kalibresteel.com\/tr\/wp-json\/wp\/v2\/media\/11238"}],"wp:attachment":[{"href":"https:\/\/kalibresteel.com\/tr\/wp-json\/wp\/v2\/media?parent=11499"}],"curies":[{"name":"wp","href":"https:\/\/api.w.org\/{rel}","templated":true}]}}