{"id":11875,"date":"2024-12-05T10:58:56","date_gmt":"2024-12-05T10:58:56","guid":{"rendered":"https:\/\/kalibresteel.com\/?page_id=11875"},"modified":"2024-12-05T11:22:55","modified_gmt":"2024-12-05T11:22:55","slug":"%d0%bf%d1%80%d0%be%d0%b8%d0%b7%d0%b2%d0%be%d0%b4%d0%b8%d0%bc%d1%8b%d0%b5-%d0%ba%d0%b0%d1%87%d0%b5%d1%81%d1%82%d0%b2%d0%b0","status":"publish","type":"page","link":"https:\/\/kalibresteel.com\/ru\/%d0%bf%d1%80%d0%be%d0%b8%d0%b7%d0%b2%d0%be%d0%b4%d0%b8%d0%bc%d1%8b%d0%b5-%d0%ba%d0%b0%d1%87%d0%b5%d1%81%d1%82%d0%b2%d0%b0\/","title":{"rendered":"\u041f\u0420\u041e\u0418\u0417\u0412\u041e\u0414\u0418\u041c\u042b\u0415 \u041a\u0410\u0427\u0415\u0421\u0422\u0412\u0410"},"content":{"rendered":"\t\t<div data-elementor-type=\"wp-page\" data-elementor-id=\"11875\" class=\"elementor elementor-11875\">\n\t\t\t\t<div class=\"wd-negative-gap elementor-element elementor-element-665d7deb e-flex e-con-boxed e-con e-parent\" data-id=\"665d7deb\" data-element_type=\"container\" data-e-type=\"container\">\n\t\t\t\t\t<div class=\"e-con-inner\">\n\t\t<div class=\"elementor-element elementor-element-e8b08e4 e-grid e-con-full e-con e-child\" data-id=\"e8b08e4\" data-element_type=\"container\" data-e-type=\"container\">\n\t\t<div class=\"elementor-element elementor-element-594ef70c e-con-full e-flex e-con e-child\" data-id=\"594ef70c\" data-element_type=\"container\" data-e-type=\"container\" data-settings=\"{&quot;background_background&quot;:&quot;classic&quot;}\">\n\t\t\t\t<div class=\"elementor-element elementor-element-3aedea35 elementor-widget elementor-widget-heading\" data-id=\"3aedea35\" data-element_type=\"widget\" data-e-type=\"widget\" data-widget_type=\"heading.default\">\n\t\t\t\t<div class=\"elementor-widget-container\">\n\t\t\t\t\t<h2 class=\"elementor-heading-title elementor-size-default\">\u041f\u0420\u041e\u0418\u0417\u0412\u041e\u0414\u0418\u041c\u042b\u0415 \u041a\u0410\u0427\u0415\u0421\u0422\u0412\u0410<\/h2>\t\t\t\t<\/div>\n\t\t\t\t<\/div>\n\t\t\t\t<\/div>\n\t\t<div class=\"elementor-element elementor-element-22fe2bdf e-con-full e-flex e-con e-child\" data-id=\"22fe2bdf\" data-element_type=\"container\" data-e-type=\"container\">\n\t\t<div class=\"elementor-element elementor-element-567ba29 e-con-full e-grid e-con e-child\" data-id=\"567ba29\" data-element_type=\"container\" data-e-type=\"container\">\n\t\t\t\t<div class=\"elementor-element elementor-element-b7e0121 color-scheme-inherit text-left elementor-widget elementor-widget-text-editor\" data-id=\"b7e0121\" data-element_type=\"widget\" data-e-type=\"widget\" data-widget_type=\"text-editor.default\">\n\t\t\t\t<div class=\"elementor-widget-container\">\n\t\t\t\t\t\t\t\t\t<div class=\"avia-slideshow-slide-deleted av-l7he5e4i-526e5c22b563d8a01c17daf00211ddc1 avia-slideshow-featured av_slideshow avia-slide-slider avia-builder-el-2 el_after_av_section el_before_av_one_full avia-builder-el-first av-slideshow-ui av-control-default av-slideshow-manual av-loop-once av-loop-manual-endless av-default-height-applied avia-slideshow-1\" data-slideshow-options=\"{&quot;animation&quot;:&quot;slide&quot;,&quot;autoplay&quot;:false,&quot;loop_autoplay&quot;:&quot;once&quot;,&quot;interval&quot;:5,&quot;loop_manual&quot;:&quot;manual-endless&quot;,&quot;autoplay_stopper&quot;:false,&quot;noNavigation&quot;:false,&quot;bg_slider&quot;:false,&quot;keep_padding&quot;:false,&quot;hoverpause&quot;:false,&quot;show_slide_delay&quot;:0}\"><div class=\"avia-slideshow-arrows avia-slideshow-controls\"><p>\u041a\u0430\u043b\u0438\u0431\u0440\u0435 \u0427\u0435\u043b\u0438\u043a \u0443\u0434\u043e\u0432\u043b\u0435\u0442\u0432\u043e\u0440\u044f\u0435\u0442 \u043f\u043e\u0442\u0440\u0435\u0431\u043d\u043e\u0441\u0442\u0438 \u0441\u0432\u043e\u0438\u0445 \u043a\u043b\u0438\u0435\u043d\u0442\u043e\u0432 \u043c\u0430\u043a\u0441\u0438\u043c\u0430\u043b\u044c\u043d\u043e \u0431\u044b\u0441\u0442\u0440\u043e \u0431\u043b\u0430\u0433\u043e\u0434\u0430\u0440\u044f \u043d\u0430\u043b\u0438\u0447\u0438\u044e \u043d\u0430 \u0441\u043a\u043b\u0430\u0434\u0430\u0445 \u043e\u043a\u043e\u043b\u043e 5 000 \u0442\u043e\u043d\u043d \u043c\u0430\u0442\u0435\u0440\u0438\u0430\u043b\u043e\u0432, \u043f\u0440\u043e\u0438\u0437\u0432\u0435\u0434\u0435\u043d\u043d\u044b\u0445 \u043c\u0435\u0442\u043e\u0434\u043e\u043c \u0433\u043e\u0440\u044f\u0447\u0435\u0439 \u043f\u0440\u043e\u043a\u0430\u0442\u043a\u0438 \u0438 \u0445\u043e\u043b\u043e\u0434\u043d\u043e\u0439 \u0432\u044b\u0442\u044f\u0436\u043a\u0438. \u0411\u043e\u043b\u044c\u0448\u0430\u044f \u0447\u0430\u0441\u0442\u044c \u0441\u043a\u043b\u0430\u0434\u0441\u043a\u0438\u0445 \u0437\u0430\u043f\u0430\u0441\u043e\u0432 \u043f\u0440\u0438\u0445\u043e\u0434\u0438\u0442\u0441\u044f \u043d\u0430 \u0430\u0432\u0442\u043e\u043c\u0430\u0442\u043d\u0443\u044e \u0441\u0442\u0430\u043b\u044c \u043c\u0430\u0440\u043a\u0438 11SMnPb30.<\/p><p>\u0410\u0432\u0442\u043e\u043c\u0430\u0442\u043d\u044b\u0435 \u0441\u0442\u0430\u043b\u0438 \u043e\u0431\u044b\u0447\u043d\u043e \u0438\u0441\u043f\u043e\u043b\u044c\u0437\u0443\u044e\u0442\u0441\u044f \u0434\u043b\u044f \u0431\u044b\u0441\u0442\u0440\u043e\u0433\u043e \u0443\u0434\u0430\u043b\u0435\u043d\u0438\u044f \u0441\u0442\u0440\u0443\u0436\u043a\u0438, \u043f\u0440\u0438 \u044d\u0442\u043e\u043c \u0441\u0442\u0440\u0443\u0436\u043a\u0430 \u043b\u0435\u0433\u043a\u043e \u043b\u043e\u043c\u0430\u0435\u0442\u0441\u044f, \u0447\u0442\u043e \u0441\u043d\u0438\u0436\u0430\u0435\u0442 \u0437\u0430\u0442\u0440\u0430\u0442\u044b \u043d\u0430 \u043e\u0431\u0440\u0430\u0431\u043e\u0442\u043a\u0443 \u0440\u0435\u0437\u0430\u043d\u0438\u0435\u043c. \u0411\u043b\u0430\u0433\u043e\u0434\u0430\u0440\u044f \u0441\u0432\u043e\u0438\u043c \u043e\u0442\u043b\u0438\u0447\u043d\u044b\u043c \u0445\u0430\u0440\u0430\u043a\u0442\u0435\u0440\u0438\u0441\u0442\u0438\u043a\u0430\u043c \u043e\u0431\u0440\u0430\u0431\u043e\u0442\u043a\u0438, \u043e\u043d\u0438 \u043d\u0430\u0445\u043e\u0434\u044f\u0442 \u043f\u0440\u0438\u043c\u0435\u043d\u0435\u043d\u0438\u0435 \u0432 \u0430\u0432\u0442\u043e\u043c\u043e\u0431\u0438\u043b\u044c\u043d\u043e\u0439 \u043f\u0440\u043e\u043c\u044b\u0448\u043b\u0435\u043d\u043d\u043e\u0441\u0442\u0438 \u0434\u043b\u044f \u0438\u0437\u0433\u043e\u0442\u043e\u0432\u043b\u0435\u043d\u0438\u044f \u0440\u0430\u0437\u043b\u0438\u0447\u043d\u044b\u0445 \u043a\u0440\u0435\u043f\u0435\u0436\u043d\u044b\u0445 \u044d\u043b\u0435\u043c\u0435\u043d\u0442\u043e\u0432, \u0432 \u043e\u0442\u0440\u0430\u0441\u043b\u044f\u0445, \u043f\u0440\u043e\u0438\u0437\u0432\u043e\u0434\u044f\u0449\u0438\u0445 \u043c\u0430\u0448\u0438\u043d\u044b \u0438 \u043e\u0431\u043e\u0440\u0443\u0434\u043e\u0432\u0430\u043d\u0438\u0435, \u0432 \u0441\u0442\u0440\u043e\u0438\u0442\u0435\u043b\u044c\u043d\u043e\u0439 \u0441\u0444\u0435\u0440\u0435 \u0434\u043b\u044f \u0438\u0437\u0433\u043e\u0442\u043e\u0432\u043b\u0435\u043d\u0438\u044f \u043a\u043e\u043d\u0441\u0442\u0440\u0443\u043a\u0442\u0438\u0432\u043d\u044b\u0445 \u044d\u043b\u0435\u043c\u0435\u043d\u0442\u043e\u0432, \u0430 \u0442\u0430\u043a\u0436\u0435 \u0432 \u043f\u0440\u043e\u0438\u0437\u0432\u043e\u0434\u0441\u0442\u0432\u0430\u0445, \u0437\u0430\u043d\u0438\u043c\u0430\u044e\u0449\u0438\u0445\u0441\u044f \u0438\u0437\u0433\u043e\u0442\u043e\u0432\u043b\u0435\u043d\u0438\u0435\u043c \u043f\u0440\u0435\u0446\u0438\u0437\u0438\u043e\u043d\u043d\u044b\u0445 \u043c\u0435\u0445\u0430\u043d\u0438\u0447\u0435\u0441\u043a\u0438\u0445 \u0434\u0435\u0442\u0430\u043b\u0435\u0439, \u0442\u0430\u043a\u0438\u0445 \u043a\u0430\u043a \u043e\u043f\u0442\u0438\u0447\u0435\u0441\u043a\u0438\u0435 \u0438 \u0438\u0437\u043c\u0435\u0440\u0438\u0442\u0435\u043b\u044c\u043d\u044b\u0435 \u043f\u0440\u0438\u0431\u043e\u0440\u044b.<\/p><\/div><\/div>\t\t\t\t\t\t\t\t<\/div>\n\t\t\t\t<\/div>\n\t\t<div class=\"elementor-element elementor-element-1cba6dd e-grid e-con-full e-con e-child\" data-id=\"1cba6dd\" data-element_type=\"container\" data-e-type=\"container\">\n\t\t\t\t<div class=\"elementor-element elementor-element-3855002 elementor-widget elementor-widget-html\" data-id=\"3855002\" data-element_type=\"widget\" data-e-type=\"widget\" data-widget_type=\"html.default\">\n\t\t\t\t<div class=\"elementor-widget-container\">\n\t\t\t\t\t<!DOCTYPE html>\r\n<html lang=\"en\">\r\n<head>\r\n    <meta charset=\"UTF-8\">\r\n    <meta name=\"viewport\" content=\"width=device-width, initial-scale=1.0\">\r\n    <title>Other Grades<\/title>\r\n    <style>\r\n        body {\r\n            font-family: Arial, sans-serif;\r\n            margin: 0;\r\n            padding: 0;\r\n            background-color: #f5f5f5;\r\n        }\r\n        .grades-container {\r\n            background-color: #e0e0e0;\r\n            padding: 20px;\r\n            border-radius: 8px;\r\n            width: 320px; \/* Sabit geni\u015flik *\/\r\n            margin: 20px auto; \/* Ortalamak i\u00e7in margin *\/\r\n            box-shadow: 0 4px 8px rgba(0, 0, 0, 0.2);\r\n        }\r\n        .grades-container h3 {\r\n            margin: 0;\r\n            margin-bottom: 20px;\r\n            font-size: 18px;\r\n            font-weight: bold;\r\n            color: #1a1a1a;\r\n            text-align: center;\r\n            background-color: #d1d1d1;\r\n            padding: 10px;\r\n            border-radius: 4px;\r\n        }\r\n        .grade {\r\n            background-color: white;\r\n            padding: 10px;\r\n            margin-bottom: 10px;\r\n            border-radius: 4px;\r\n            font-size: 14px;\r\n            color: #333;\r\n            text-align: center;\r\n            width: 100%;\r\n            height: 50px; \/* Sabit kare g\u00f6r\u00fcn\u00fcm *\/\r\n            display: flex;\r\n            justify-content: center;\r\n            align-items: center;\r\n            box-shadow: 0 2px 4px rgba(0, 0, 0, 0.1);\r\n        }\r\n        .grade:last-child {\r\n            margin-bottom: 0;\r\n        }\r\n    <\/style>\r\n<\/head>\r\n<body>\r\n    <div class=\"grades-container\">\r\n        <h3>\u0414\u043e\u043f\u043e\u043b\u043d\u0438\u0442\u0435\u043b\u044c\u043d\u044b\u0435 \u043a\u0430\u0447\u0435\u0441\u0442\u0432\u0430, \u043a\u043e\u0442\u043e\u0440\u044b\u0435 \u043c\u043e\u0433\u0443\u0442 \u0431\u044b\u0442\u044c \u043f\u0440\u043e\u0438\u0437\u0432\u0435\u0434\u0435\u043d\u044b \u043f\u043e \u0437\u0430\u043f\u0440\u043e\u0441\u0443:<\/h3>\r\n        <div class=\"grade\">St37-2 \u2013 St 52-3<\/div>\r\n        <div class=\"grade\">SAE 1008 \u2013 SAE 1010<\/div>\r\n        <div class=\"grade\">C 35 \u2013 C 40 \u2013 C 45 \u2013 XC 48<\/div>\r\n        <div class=\"grade\">19MnB4 \u2013 15 B 41<\/div>\r\n        <div class=\"grade\">16MnCr5 \u2013 SAE 8620<\/div>\r\n        <div class=\"grade\">41Cr4 \u2013 42CrMo4 \u2013 100Cr6<\/div>\r\n    <\/div>\r\n<\/body>\r\n<\/html>\r\n\t\t\t\t<\/div>\n\t\t\t\t<\/div>\n\t\t\t\t<\/div>\n\t\t\t\t<\/div>\n\t\t\t\t<div class=\"elementor-element elementor-element-286328ee wd-width-100 elementor-widget elementor-widget-wd_images_gallery\" data-id=\"286328ee\" data-element_type=\"widget\" data-e-type=\"widget\" data-widget_type=\"wd_images_gallery.default\">\n\t\t\t\t<div class=\"elementor-widget-container\">\n\t\t\t\t\t\t\t<div class=\"wd-images-gallery photoswipe-images wd-carousel-container\" style=\"--wd-align-items:center; --wd-justify-content:center;\">\n\t\t\t\t\t\t\t<div class=\"wd-carousel-inner\">\n\t\t\t\t\t\t<div class=\"wd-carousel wd-grid\" data-wrap=\"yes\" data-scroll_per_page=\"yes\" style=\"--wd-col-lg:1;--wd-col-md:1;--wd-col-sm:1;--wd-gap-lg:0px;\">\n\t\t\t\t\t\t\t\t\t<div class=\"wd-carousel-wrap\">\n\t\t\t\t\t\t\t\t\t\t\t\t\t\t\t\t\t\t<div class=\"wd-gallery-item wd-carousel-item\">\n\t\t\t\t\t\t\t\t\t\t\t\t\t<a  href=\"https:\/\/kalibresteel.com\/wp-content\/uploads\/2024\/12\/crack-tresting-A-1500x430-1.jpg\" data-width=\"1500\" data-height=\"430\" data-index=\"1\" data-elementor-open-lightbox=\"no\">\n\t\t\t\t\t\t\n\t\t\t\t\t\t<img loading=\"lazy\" decoding=\"async\" width=\"1024\" height=\"294\" src=\"https:\/\/kalibresteel.com\/wp-content\/uploads\/2024\/12\/crack-tresting-A-1500x430-1-1024x294.jpg\" class=\"attachment-large size-large\" alt=\"crack-tresting-A-1500x430\" srcset=\"https:\/\/kalibresteel.com\/wp-content\/uploads\/2024\/12\/crack-tresting-A-1500x430-1-1024x294.jpg 1024w, https:\/\/kalibresteel.com\/wp-content\/uploads\/2024\/12\/crack-tresting-A-1500x430-1-300x86.jpg 300w, https:\/\/kalibresteel.com\/wp-content\/uploads\/2024\/12\/crack-tresting-A-1500x430-1-768x220.jpg 768w, https:\/\/kalibresteel.com\/wp-content\/uploads\/2024\/12\/crack-tresting-A-1500x430-1.jpg 1500w\" sizes=\"auto, (max-width: 1024px) 100vw, 1024px\" \/>\n\t\t\t\t\t\t\t\t\t\t\t\t\t<\/a>\n\t\t\t\t\t\t\t\t\t\t\t<\/div>\n\t\t\t\t\t\t\t\t\t\t\t\t\t\t\t\t<\/div>\n\t\t\t\t\t\t\t\t<\/div>\n\t\t\t\t\t\t\t\t\t\t\t\t\t\t<div class=\"wd-nav-arrows wd-pos-sep wd-hover-1 wd-icon-1\">\n\t\t\t<div class=\"wd-btn-arrow wd-prev wd-disabled\">\n\t\t\t\t<div class=\"wd-arrow-inner\"><\/div>\n\t\t\t<\/div>\n\t\t\t<div class=\"wd-btn-arrow wd-next\">\n\t\t\t\t<div class=\"wd-arrow-inner\"><\/div>\n\t\t\t<\/div>\n\t\t<\/div>\n\t\t\t\t\t\t\n\t\t\t\t<\/div>\n\n\t\t\t\t\t\t<div class=\"wd-nav-pagin-wrap text-center wd-style-shape wd-hide-md-sm wd-hide-sm\">\n\t\t\t<ul class=\"wd-nav-pagin\"><\/ul>\n\t\t<\/div>\n\t\t\t\t\t\t\t\t\t\t\t<\/div>\n\t\t\t\t\t\t<\/div>\n\t\t\t\t<\/div>\n\t\t\t\t<\/div>\n\t\t<div class=\"elementor-element elementor-element-524c6fc7 e-con-full e-flex e-con e-child\" data-id=\"524c6fc7\" data-element_type=\"container\" data-e-type=\"container\">\n\t\t\t\t<div class=\"elementor-element elementor-element-26d542a9 elementor-widget elementor-widget-image\" data-id=\"26d542a9\" data-element_type=\"widget\" data-e-type=\"widget\" data-widget_type=\"image.default\">\n\t\t\t\t<div class=\"elementor-widget-container\">\n\t\t\t\t\t\t\t\t\t\t\t\t\t\t\t<img loading=\"lazy\" decoding=\"async\" width=\"611\" height=\"130\" src=\"https:\/\/kalibresteel.com\/wp-content\/uploads\/2024\/12\/chemical_comp2.jpg\" class=\"attachment-large size-large wp-image-11857\" alt=\"\" srcset=\"https:\/\/kalibresteel.com\/wp-content\/uploads\/2024\/12\/chemical_comp2.jpg 611w, https:\/\/kalibresteel.com\/wp-content\/uploads\/2024\/12\/chemical_comp2-300x64.jpg 300w\" sizes=\"auto, (max-width: 611px) 100vw, 611px\" \/>\t\t\t\t\t\t\t\t\t\t\t\t\t\t\t<\/div>\n\t\t\t\t<\/div>\n\t\t\t\t<div class=\"elementor-element elementor-element-d52434b elementor-widget elementor-widget-image\" data-id=\"d52434b\" data-element_type=\"widget\" data-e-type=\"widget\" data-widget_type=\"image.default\">\n\t\t\t\t<div class=\"elementor-widget-container\">\n\t\t\t\t\t\t\t\t\t\t\t\t\t\t\t<img loading=\"lazy\" decoding=\"async\" width=\"611\" height=\"267\" src=\"https:\/\/kalibresteel.com\/wp-content\/uploads\/2024\/12\/prod_grades4.jpg\" class=\"attachment-large size-large wp-image-11853\" alt=\"\" srcset=\"https:\/\/kalibresteel.com\/wp-content\/uploads\/2024\/12\/prod_grades4.jpg 611w, https:\/\/kalibresteel.com\/wp-content\/uploads\/2024\/12\/prod_grades4-300x131.jpg 300w\" sizes=\"auto, (max-width: 611px) 100vw, 611px\" \/>\t\t\t\t\t\t\t\t\t\t\t\t\t\t\t<\/div>\n\t\t\t\t<\/div>\n\t\t\t\t<div class=\"elementor-element elementor-element-1589fa3 elementor-widget elementor-widget-image\" data-id=\"1589fa3\" data-element_type=\"widget\" data-e-type=\"widget\" data-widget_type=\"image.default\">\n\t\t\t\t<div class=\"elementor-widget-container\">\n\t\t\t\t\t\t\t\t\t\t\t\t\t\t\t<img loading=\"lazy\" decoding=\"async\" width=\"610\" height=\"172\" src=\"https:\/\/kalibresteel.com\/wp-content\/uploads\/2024\/12\/corr_other3.jpg\" class=\"attachment-large size-large wp-image-11849\" alt=\"\" srcset=\"https:\/\/kalibresteel.com\/wp-content\/uploads\/2024\/12\/corr_other3.jpg 610w, https:\/\/kalibresteel.com\/wp-content\/uploads\/2024\/12\/corr_other3-300x85.jpg 300w\" sizes=\"auto, (max-width: 610px) 100vw, 610px\" \/>\t\t\t\t\t\t\t\t\t\t\t\t\t\t\t<\/div>\n\t\t\t\t<\/div>\n\t\t\t\t<\/div>\n\t\t\t\t<\/div>\n\t\t\t\t\t<\/div>\n\t\t\t\t<\/div>\n\t\t<div class=\"wd-negative-gap elementor-element elementor-element-388fe7a e-flex e-con-boxed e-con e-parent\" data-id=\"388fe7a\" data-element_type=\"container\" data-e-type=\"container\">\n\t\t\t\t\t<div class=\"e-con-inner\">\n\t\t<div class=\"elementor-element elementor-element-d47b8f6 e-grid e-con-full e-con e-child\" data-id=\"d47b8f6\" data-element_type=\"container\" data-e-type=\"container\">\n\t\t\t\t<\/div>\n\t\t\t\t\t<\/div>\n\t\t\t\t<\/div>\n\t\t\t\t<\/div>\n\t\t","protected":false},"excerpt":{"rendered":"<p>\u041f\u0420\u041e\u0418\u0417\u0412\u041e\u0414\u0418\u041c\u042b\u0415 \u041a\u0410\u0427\u0415\u0421\u0422\u0412\u0410 \u041a\u0430\u043b\u0438\u0431\u0440\u0435 \u0427\u0435\u043b\u0438\u043a \u0443\u0434\u043e\u0432\u043b\u0435\u0442\u0432\u043e\u0440\u044f\u0435\u0442 \u043f\u043e\u0442\u0440\u0435\u0431\u043d\u043e\u0441\u0442\u0438 \u0441\u0432\u043e\u0438\u0445 \u043a\u043b\u0438\u0435\u043d\u0442\u043e\u0432 \u043c\u0430\u043a\u0441\u0438\u043c\u0430\u043b\u044c\u043d\u043e \u0431\u044b\u0441\u0442\u0440\u043e \u0431\u043b\u0430\u0433\u043e\u0434\u0430\u0440\u044f \u043d\u0430\u043b\u0438\u0447\u0438\u044e \u043d\u0430 \u0441\u043a\u043b\u0430\u0434\u0430\u0445 \u043e\u043a\u043e\u043b\u043e 5 000 \u0442\u043e\u043d\u043d \u043c\u0430\u0442\u0435\u0440\u0438\u0430\u043b\u043e\u0432, \u043f\u0440\u043e\u0438\u0437\u0432\u0435\u0434\u0435\u043d\u043d\u044b\u0445<\/p>\n","protected":false},"author":2,"featured_media":0,"parent":0,"menu_order":0,"comment_status":"closed","ping_status":"closed","template":"","meta":{"footnotes":""},"class_list":["post-11875","page","type-page","status-publish","hentry"],"_links":{"self":[{"href":"https:\/\/kalibresteel.com\/ru\/wp-json\/wp\/v2\/pages\/11875","targetHints":{"allow":["GET"]}}],"collection":[{"href":"https:\/\/kalibresteel.com\/ru\/wp-json\/wp\/v2\/pages"}],"about":[{"href":"https:\/\/kalibresteel.com\/ru\/wp-json\/wp\/v2\/types\/page"}],"author":[{"embeddable":true,"href":"https:\/\/kalibresteel.com\/ru\/wp-json\/wp\/v2\/users\/2"}],"replies":[{"embeddable":true,"href":"https:\/\/kalibresteel.com\/ru\/wp-json\/wp\/v2\/comments?post=11875"}],"version-history":[{"count":7,"href":"https:\/\/kalibresteel.com\/ru\/wp-json\/wp\/v2\/pages\/11875\/revisions"}],"predecessor-version":[{"id":11883,"href":"https:\/\/kalibresteel.com\/ru\/wp-json\/wp\/v2\/pages\/11875\/revisions\/11883"}],"wp:attachment":[{"href":"https:\/\/kalibresteel.com\/ru\/wp-json\/wp\/v2\/media?parent=11875"}],"curies":[{"name":"wp","href":"https:\/\/api.w.org\/{rel}","templated":true}]}}