{"id":11884,"date":"2024-12-05T10:58:56","date_gmt":"2024-12-05T10:58:56","guid":{"rendered":"https:\/\/kalibresteel.com\/?page_id=11884"},"modified":"2024-12-05T11:26:50","modified_gmt":"2024-12-05T11:26:50","slug":"%d8%a7%d9%84%d8%b5%d9%81%d8%a7%d8%aa-%d8%a7%d9%84%d9%85%d9%86%d8%aa%d8%ac%d8%a9","status":"publish","type":"page","link":"https:\/\/kalibresteel.com\/ar\/%d8%a7%d9%84%d8%b5%d9%81%d8%a7%d8%aa-%d8%a7%d9%84%d9%85%d9%86%d8%aa%d8%ac%d8%a9\/","title":{"rendered":"\u0627\u0644\u0635\u0641\u0627\u062a \u0627\u0644\u0645\u0646\u062a\u062c\u0629"},"content":{"rendered":"\t\t<div data-elementor-type=\"wp-page\" data-elementor-id=\"11884\" class=\"elementor elementor-11884\">\n\t\t\t\t<div class=\"wd-negative-gap elementor-element elementor-element-665d7deb e-flex e-con-boxed e-con e-parent\" data-id=\"665d7deb\" data-element_type=\"container\" data-e-type=\"container\">\n\t\t\t\t\t<div class=\"e-con-inner\">\n\t\t<div class=\"elementor-element elementor-element-e8b08e4 e-grid e-con-full e-con e-child\" data-id=\"e8b08e4\" data-element_type=\"container\" data-e-type=\"container\">\n\t\t<div class=\"elementor-element elementor-element-594ef70c e-con-full e-flex e-con e-child\" data-id=\"594ef70c\" data-element_type=\"container\" data-e-type=\"container\" data-settings=\"{&quot;background_background&quot;:&quot;classic&quot;}\">\n\t\t\t\t<div class=\"elementor-element elementor-element-3aedea35 elementor-widget elementor-widget-heading\" data-id=\"3aedea35\" data-element_type=\"widget\" data-e-type=\"widget\" data-widget_type=\"heading.default\">\n\t\t\t\t<div class=\"elementor-widget-container\">\n\t\t\t\t\t<h2 class=\"elementor-heading-title elementor-size-default\">\u0627\u0644\u0635\u0641\u0627\u062a \u0627\u0644\u0645\u0646\u062a\u062c\u0629\n\n\n\n\n\n\n<\/h2>\t\t\t\t<\/div>\n\t\t\t\t<\/div>\n\t\t\t\t<\/div>\n\t\t<div class=\"elementor-element elementor-element-22fe2bdf e-con-full e-flex e-con e-child\" data-id=\"22fe2bdf\" data-element_type=\"container\" data-e-type=\"container\">\n\t\t<div class=\"elementor-element elementor-element-567ba29 e-con-full e-grid e-con e-child\" data-id=\"567ba29\" data-element_type=\"container\" data-e-type=\"container\">\n\t\t\t\t<div class=\"elementor-element elementor-element-b7e0121 color-scheme-inherit text-left elementor-widget elementor-widget-text-editor\" data-id=\"b7e0121\" data-element_type=\"widget\" data-e-type=\"widget\" data-widget_type=\"text-editor.default\">\n\t\t\t\t<div class=\"elementor-widget-container\">\n\t\t\t\t\t\t\t\t\t<div class=\"avia-slideshow-slide-deleted av-l7he5e4i-526e5c22b563d8a01c17daf00211ddc1 avia-slideshow-featured av_slideshow avia-slide-slider avia-builder-el-2 el_after_av_section el_before_av_one_full avia-builder-el-first av-slideshow-ui av-control-default av-slideshow-manual av-loop-once av-loop-manual-endless av-default-height-applied avia-slideshow-1\" data-slideshow-options=\"{&quot;animation&quot;:&quot;slide&quot;,&quot;autoplay&quot;:false,&quot;loop_autoplay&quot;:&quot;once&quot;,&quot;interval&quot;:5,&quot;loop_manual&quot;:&quot;manual-endless&quot;,&quot;autoplay_stopper&quot;:false,&quot;noNavigation&quot;:false,&quot;bg_slider&quot;:false,&quot;keep_padding&quot;:false,&quot;hoverpause&quot;:false,&quot;show_slide_delay&quot;:0}\"><div class=\"avia-slideshow-arrows avia-slideshow-controls\"><p>\u062a\u0633\u062a\u062c\u064a\u0628 \u0634\u0631\u0643\u0629 \u0643\u0627\u0644\u064a\u0628\u0631 \u062a\u0634\u064a\u0644\u064a\u0643 \u0628\u0633\u0631\u0639\u0629 \u0644\u0627\u062d\u062a\u064a\u0627\u062c\u0627\u062a \u0639\u0645\u0644\u0627\u0626\u0647\u0627 \u0628\u0641\u0636\u0644 \u0645\u062e\u0632\u0648\u0646\u0647\u0627 \u0627\u0644\u0630\u064a \u064a\u062d\u062a\u0648\u064a \u0639\u0644\u0649 \u062d\u0648\u0627\u0644\u064a 5000 \u0637\u0646 \u0645\u0646 \u0627\u0644\u0645\u0648\u0627\u062f \u0627\u0644\u0645\u0646\u062a\u062c\u0629 \u0639\u0646 \u0637\u0631\u064a\u0642 \u0627\u0644\u062f\u0631\u0641\u0644\u0629 \u0627\u0644\u0633\u0627\u062e\u0646\u0629 \u0648\u0627\u0644\u0633\u062d\u0628 \u0627\u0644\u0628\u0627\u0631\u062f. \u0627\u0644\u062c\u0632\u0621 \u0627\u0644\u0623\u0643\u0628\u0631 \u0645\u0646 \u0645\u062e\u0632\u0648\u0646\u0647\u0627 \u0647\u0648 \u0645\u0646 \u0627\u0644\u0641\u0648\u0644\u0627\u0630 \u0627\u0644\u0622\u0644\u064a \u0645\u0646 \u0627\u0644\u0646\u0648\u0639 11SMnPb30.<\/p><p>\u0627\u0644\u0641\u0648\u0644\u0627\u0630 \u0627\u0644\u0622\u0644\u064a \u0647\u0648 \u0641\u0648\u0644\u0627\u0630 \u0633\u0647\u0644 \u0627\u0644\u0645\u0639\u0627\u0644\u062c\u0629 \u064a\u0633\u062a\u062e\u062f\u0645 \u0639\u0627\u062f\u0629 \u0641\u064a \u0639\u0645\u0644\u064a\u0627\u062a \u0625\u0632\u0627\u0644\u0629 \u0627\u0644\u0631\u0642\u0627\u0626\u0642 \u0627\u0644\u0633\u0631\u064a\u0639\u0629 \u062d\u064a\u062b \u062a\u062a\u0643\u0633\u0631 \u0627\u0644\u0631\u0642\u0627\u0626\u0642 \u0628\u0633\u0647\u0648\u0644\u0629\u060c \u0645\u0645\u0627 \u064a\u0642\u0644\u0644 \u0645\u0646 \u062a\u0643\u0627\u0644\u064a\u0641 \u0627\u0644\u062a\u0635\u0646\u064a\u0639. \u0648\u0628\u0641\u0636\u0644 \u062e\u0635\u0627\u0626\u0635\u0647 \u0627\u0644\u0645\u0645\u062a\u0627\u0632\u0629 \u0641\u064a \u0627\u0644\u0645\u0639\u0627\u0644\u062c\u0629\u060c \u064a\u0633\u062a\u062e\u062f\u0645 \u0641\u064a \u0635\u0646\u0627\u0639\u0629 \u0627\u0644\u0633\u064a\u0627\u0631\u0627\u062a \u0644\u0625\u0646\u062a\u0627\u062c \u0623\u0646\u0648\u0627\u0639 \u0645\u062e\u062a\u0644\u0641\u0629 \u0645\u0646 \u0627\u0644\u0639\u0646\u0627\u0635\u0631 \u0627\u0644\u0645\u064a\u0643\u0627\u0646\u064a\u0643\u064a\u0629\u060c \u0648\u0641\u064a \u0627\u0644\u0635\u0646\u0627\u0639\u0627\u062a \u0627\u0644\u062a\u064a \u062a\u0646\u062a\u062c \u0627\u0644\u0622\u0644\u0627\u062a \u0648\u0627\u0644\u0645\u0639\u062f\u0627\u062a\u060c \u0648\u0641\u064a \u0642\u0637\u0627\u0639 \u0627\u0644\u0628\u0646\u0627\u0621 \u0644\u0625\u0646\u062a\u0627\u062c \u0627\u0644\u0639\u0646\u0627\u0635\u0631 \u0627\u0644\u0647\u064a\u0643\u0644\u064a\u0629\u060c \u0648\u0623\u064a\u0636\u0627\u064b \u0641\u064a \u0627\u0644\u0635\u0646\u0627\u0639\u0627\u062a \u0627\u0644\u062a\u064a \u062a\u0635\u0646\u0639 \u0642\u0637\u0639\u0627\u064b \u0645\u064a\u0643\u0627\u0646\u064a\u0643\u064a\u0629 \u062f\u0642\u064a\u0642\u0629 \u0645\u062b\u0644 \u0627\u0644\u0623\u062c\u0632\u0627\u0621 \u0627\u0644\u0645\u0633\u062a\u062e\u062f\u0645\u0629 \u0641\u064a \u0627\u0644\u0623\u062c\u0647\u0632\u0629 \u0627\u0644\u0628\u0635\u0631\u064a\u0629 \u0648\u0623\u062c\u0647\u0632\u0629 \u0627\u0644\u0642\u064a\u0627\u0633.<\/p><\/div><\/div>\t\t\t\t\t\t\t\t<\/div>\n\t\t\t\t<\/div>\n\t\t<div class=\"elementor-element elementor-element-1cba6dd e-grid e-con-full e-con e-child\" data-id=\"1cba6dd\" data-element_type=\"container\" data-e-type=\"container\">\n\t\t\t\t<div class=\"elementor-element elementor-element-3855002 elementor-widget elementor-widget-html\" data-id=\"3855002\" data-element_type=\"widget\" data-e-type=\"widget\" data-widget_type=\"html.default\">\n\t\t\t\t<div class=\"elementor-widget-container\">\n\t\t\t\t\t<!DOCTYPE html>\r\n<html lang=\"en\">\r\n<head>\r\n    <meta charset=\"UTF-8\">\r\n    <meta name=\"viewport\" content=\"width=device-width, initial-scale=1.0\">\r\n    <title>Other Grades<\/title>\r\n    <style>\r\n        body {\r\n            font-family: Arial, sans-serif;\r\n            margin: 0;\r\n            padding: 0;\r\n            background-color: #f5f5f5;\r\n        }\r\n        .grades-container {\r\n            background-color: #e0e0e0;\r\n            padding: 20px;\r\n            border-radius: 8px;\r\n            width: 320px; \/* Sabit geni\u015flik *\/\r\n            margin: 20px auto; \/* Ortalamak i\u00e7in margin *\/\r\n            box-shadow: 0 4px 8px rgba(0, 0, 0, 0.2);\r\n        }\r\n        .grades-container h3 {\r\n            margin: 0;\r\n            margin-bottom: 20px;\r\n            font-size: 18px;\r\n            font-weight: bold;\r\n            color: #1a1a1a;\r\n            text-align: center;\r\n            background-color: #d1d1d1;\r\n            padding: 10px;\r\n            border-radius: 4px;\r\n        }\r\n        .grade {\r\n            background-color: white;\r\n            padding: 10px;\r\n            margin-bottom: 10px;\r\n            border-radius: 4px;\r\n            font-size: 14px;\r\n            color: #333;\r\n            text-align: center;\r\n            width: 100%;\r\n            height: 50px; \/* Sabit kare g\u00f6r\u00fcn\u00fcm *\/\r\n            display: flex;\r\n            justify-content: center;\r\n            align-items: center;\r\n            box-shadow: 0 2px 4px rgba(0, 0, 0, 0.1);\r\n        }\r\n        .grade:last-child {\r\n            margin-bottom: 0;\r\n        }\r\n    <\/style>\r\n<\/head>\r\n<body>\r\n    <div class=\"grades-container\">\r\n        <h3>\u0644\u0635\u0641\u0627\u062a \u0627\u0644\u0623\u062e\u0631\u0649 \u0627\u0644\u062a\u064a \u064a\u0645\u0643\u0646 \u0625\u0646\u062a\u0627\u062c\u0647\u0627 \u0639\u0646\u062f \u0627\u0644\u0637\u0644\u0628:<\/h3>\r\n        <div class=\"grade\">St37-2 \u2013 St 52-3<\/div>\r\n        <div class=\"grade\">SAE 1008 \u2013 SAE 1010<\/div>\r\n        <div class=\"grade\">C 35 \u2013 C 40 \u2013 C 45 \u2013 XC 48<\/div>\r\n        <div class=\"grade\">19MnB4 \u2013 15 B 41<\/div>\r\n        <div class=\"grade\">16MnCr5 \u2013 SAE 8620<\/div>\r\n        <div class=\"grade\">41Cr4 \u2013 42CrMo4 \u2013 100Cr6<\/div>\r\n    <\/div>\r\n<\/body>\r\n<\/html>\r\n\t\t\t\t<\/div>\n\t\t\t\t<\/div>\n\t\t\t\t<\/div>\n\t\t\t\t<\/div>\n\t\t\t\t<div class=\"elementor-element elementor-element-286328ee wd-width-100 elementor-widget elementor-widget-wd_images_gallery\" data-id=\"286328ee\" data-element_type=\"widget\" data-e-type=\"widget\" data-widget_type=\"wd_images_gallery.default\">\n\t\t\t\t<div class=\"elementor-widget-container\">\n\t\t\t\t\t\t\t<div class=\"wd-images-gallery photoswipe-images wd-carousel-container\" style=\"--wd-align-items:center; --wd-justify-content:center;\">\n\t\t\t\t\t\t\t<div class=\"wd-carousel-inner\">\n\t\t\t\t\t\t<div class=\"wd-carousel wd-grid\" data-wrap=\"yes\" data-scroll_per_page=\"yes\" style=\"--wd-col-lg:1;--wd-col-md:1;--wd-col-sm:1;--wd-gap-lg:0px;\">\n\t\t\t\t\t\t\t\t\t<div class=\"wd-carousel-wrap\">\n\t\t\t\t\t\t\t\t\t\t\t\t\t\t\t\t\t\t<div class=\"wd-gallery-item wd-carousel-item\">\n\t\t\t\t\t\t\t\t\t\t\t\t\t<a  href=\"https:\/\/kalibresteel.com\/wp-content\/uploads\/2024\/12\/crack-tresting-A-1500x430-1.jpg\" data-width=\"1500\" data-height=\"430\" data-index=\"1\" data-elementor-open-lightbox=\"no\">\n\t\t\t\t\t\t\n\t\t\t\t\t\t<img loading=\"lazy\" decoding=\"async\" width=\"1024\" height=\"294\" src=\"https:\/\/kalibresteel.com\/wp-content\/uploads\/2024\/12\/crack-tresting-A-1500x430-1-1024x294.jpg\" class=\"attachment-large size-large\" alt=\"crack-tresting-A-1500x430\" srcset=\"https:\/\/kalibresteel.com\/wp-content\/uploads\/2024\/12\/crack-tresting-A-1500x430-1-1024x294.jpg 1024w, https:\/\/kalibresteel.com\/wp-content\/uploads\/2024\/12\/crack-tresting-A-1500x430-1-300x86.jpg 300w, https:\/\/kalibresteel.com\/wp-content\/uploads\/2024\/12\/crack-tresting-A-1500x430-1-768x220.jpg 768w, https:\/\/kalibresteel.com\/wp-content\/uploads\/2024\/12\/crack-tresting-A-1500x430-1.jpg 1500w\" sizes=\"auto, (max-width: 1024px) 100vw, 1024px\" \/>\n\t\t\t\t\t\t\t\t\t\t\t\t\t<\/a>\n\t\t\t\t\t\t\t\t\t\t\t<\/div>\n\t\t\t\t\t\t\t\t\t\t\t\t\t\t\t\t<\/div>\n\t\t\t\t\t\t\t\t<\/div>\n\t\t\t\t\t\t\t\t\t\t\t\t\t\t<div class=\"wd-nav-arrows wd-pos-sep wd-hover-1 wd-icon-1\">\n\t\t\t<div class=\"wd-btn-arrow wd-prev wd-disabled\">\n\t\t\t\t<div class=\"wd-arrow-inner\"><\/div>\n\t\t\t<\/div>\n\t\t\t<div class=\"wd-btn-arrow wd-next\">\n\t\t\t\t<div class=\"wd-arrow-inner\"><\/div>\n\t\t\t<\/div>\n\t\t<\/div>\n\t\t\t\t\t\t\n\t\t\t\t<\/div>\n\n\t\t\t\t\t\t<div class=\"wd-nav-pagin-wrap text-center wd-style-shape wd-hide-md-sm wd-hide-sm\">\n\t\t\t<ul class=\"wd-nav-pagin\"><\/ul>\n\t\t<\/div>\n\t\t\t\t\t\t\t\t\t\t\t<\/div>\n\t\t\t\t\t\t<\/div>\n\t\t\t\t<\/div>\n\t\t\t\t<\/div>\n\t\t<div class=\"elementor-element elementor-element-524c6fc7 e-con-full e-flex e-con e-child\" data-id=\"524c6fc7\" data-element_type=\"container\" data-e-type=\"container\">\n\t\t\t\t<div class=\"elementor-element elementor-element-26d542a9 elementor-widget elementor-widget-image\" data-id=\"26d542a9\" data-element_type=\"widget\" data-e-type=\"widget\" data-widget_type=\"image.default\">\n\t\t\t\t<div class=\"elementor-widget-container\">\n\t\t\t\t\t\t\t\t\t\t\t\t\t\t\t<img loading=\"lazy\" decoding=\"async\" width=\"611\" height=\"130\" src=\"https:\/\/kalibresteel.com\/wp-content\/uploads\/2024\/12\/chemical_comp2.jpg\" class=\"attachment-large size-large wp-image-11856\" alt=\"\" srcset=\"https:\/\/kalibresteel.com\/wp-content\/uploads\/2024\/12\/chemical_comp2.jpg 611w, https:\/\/kalibresteel.com\/wp-content\/uploads\/2024\/12\/chemical_comp2-300x64.jpg 300w\" sizes=\"auto, (max-width: 611px) 100vw, 611px\" \/>\t\t\t\t\t\t\t\t\t\t\t\t\t\t\t<\/div>\n\t\t\t\t<\/div>\n\t\t\t\t<div class=\"elementor-element elementor-element-d52434b elementor-widget elementor-widget-image\" data-id=\"d52434b\" data-element_type=\"widget\" data-e-type=\"widget\" data-widget_type=\"image.default\">\n\t\t\t\t<div class=\"elementor-widget-container\">\n\t\t\t\t\t\t\t\t\t\t\t\t\t\t\t<img loading=\"lazy\" decoding=\"async\" width=\"611\" height=\"267\" src=\"https:\/\/kalibresteel.com\/wp-content\/uploads\/2024\/12\/prod_grades4.jpg\" class=\"attachment-large size-large wp-image-11852\" alt=\"\" srcset=\"https:\/\/kalibresteel.com\/wp-content\/uploads\/2024\/12\/prod_grades4.jpg 611w, https:\/\/kalibresteel.com\/wp-content\/uploads\/2024\/12\/prod_grades4-300x131.jpg 300w\" sizes=\"auto, (max-width: 611px) 100vw, 611px\" \/>\t\t\t\t\t\t\t\t\t\t\t\t\t\t\t<\/div>\n\t\t\t\t<\/div>\n\t\t\t\t<div class=\"elementor-element elementor-element-1589fa3 elementor-widget elementor-widget-image\" data-id=\"1589fa3\" data-element_type=\"widget\" data-e-type=\"widget\" data-widget_type=\"image.default\">\n\t\t\t\t<div class=\"elementor-widget-container\">\n\t\t\t\t\t\t\t\t\t\t\t\t\t\t\t<img loading=\"lazy\" decoding=\"async\" width=\"610\" height=\"172\" src=\"https:\/\/kalibresteel.com\/wp-content\/uploads\/2024\/12\/corr_other3.jpg\" class=\"attachment-large size-large wp-image-11848\" alt=\"\" srcset=\"https:\/\/kalibresteel.com\/wp-content\/uploads\/2024\/12\/corr_other3.jpg 610w, https:\/\/kalibresteel.com\/wp-content\/uploads\/2024\/12\/corr_other3-300x85.jpg 300w\" sizes=\"auto, (max-width: 610px) 100vw, 610px\" \/>\t\t\t\t\t\t\t\t\t\t\t\t\t\t\t<\/div>\n\t\t\t\t<\/div>\n\t\t\t\t<\/div>\n\t\t\t\t<\/div>\n\t\t\t\t\t<\/div>\n\t\t\t\t<\/div>\n\t\t<div class=\"wd-negative-gap elementor-element elementor-element-388fe7a e-flex e-con-boxed e-con e-parent\" data-id=\"388fe7a\" data-element_type=\"container\" data-e-type=\"container\">\n\t\t\t\t\t<div class=\"e-con-inner\">\n\t\t<div class=\"elementor-element elementor-element-d47b8f6 e-grid e-con-full e-con e-child\" data-id=\"d47b8f6\" data-element_type=\"container\" data-e-type=\"container\">\n\t\t\t\t<\/div>\n\t\t\t\t\t<\/div>\n\t\t\t\t<\/div>\n\t\t\t\t<\/div>\n\t\t","protected":false},"excerpt":{"rendered":"<p>\u0627\u0644\u0635\u0641\u0627\u062a \u0627\u0644\u0645\u0646\u062a\u062c\u0629 \u062a\u0633\u062a\u062c\u064a\u0628 \u0634\u0631\u0643\u0629 \u0643\u0627\u0644\u064a\u0628\u0631 \u062a\u0634\u064a\u0644\u064a\u0643 \u0628\u0633\u0631\u0639\u0629 \u0644\u0627\u062d\u062a\u064a\u0627\u062c\u0627\u062a \u0639\u0645\u0644\u0627\u0626\u0647\u0627 \u0628\u0641\u0636\u0644 \u0645\u062e\u0632\u0648\u0646\u0647\u0627 \u0627\u0644\u0630\u064a \u064a\u062d\u062a\u0648\u064a \u0639\u0644\u0649 \u062d\u0648\u0627\u0644\u064a 5000 \u0637\u0646 \u0645\u0646 \u0627\u0644\u0645\u0648\u0627\u062f \u0627\u0644\u0645\u0646\u062a\u062c\u0629<\/p>\n","protected":false},"author":2,"featured_media":0,"parent":0,"menu_order":0,"comment_status":"closed","ping_status":"closed","template":"","meta":{"footnotes":""},"class_list":["post-11884","page","type-page","status-publish","hentry"],"_links":{"self":[{"href":"https:\/\/kalibresteel.com\/ar\/wp-json\/wp\/v2\/pages\/11884","targetHints":{"allow":["GET"]}}],"collection":[{"href":"https:\/\/kalibresteel.com\/ar\/wp-json\/wp\/v2\/pages"}],"about":[{"href":"https:\/\/kalibresteel.com\/ar\/wp-json\/wp\/v2\/types\/page"}],"author":[{"embeddable":true,"href":"https:\/\/kalibresteel.com\/ar\/wp-json\/wp\/v2\/users\/2"}],"replies":[{"embeddable":true,"href":"https:\/\/kalibresteel.com\/ar\/wp-json\/wp\/v2\/comments?post=11884"}],"version-history":[{"count":4,"href":"https:\/\/kalibresteel.com\/ar\/wp-json\/wp\/v2\/pages\/11884\/revisions"}],"predecessor-version":[{"id":11889,"href":"https:\/\/kalibresteel.com\/ar\/wp-json\/wp\/v2\/pages\/11884\/revisions\/11889"}],"wp:attachment":[{"href":"https:\/\/kalibresteel.com\/ar\/wp-json\/wp\/v2\/media?parent=11884"}],"curies":[{"name":"wp","href":"https:\/\/api.w.org\/{rel}","templated":true}]}}